
{"id":3249,"date":"2020-02-19T13:21:25","date_gmt":"2020-02-19T13:21:25","guid":{"rendered":"https:\/\/justiceandpeace.nl\/?page_id=3249"},"modified":"2023-10-30T17:11:27","modified_gmt":"2023-10-30T17:11:27","slug":"in-the-media","status":"publish","type":"page","link":"https:\/\/justiceandpeace.nl\/en\/in-the-media\/","title":{"rendered":"In the media"},"content":{"rendered":"\n<section class=\"o-wrapper u-padding-vertical link alignwide alignfull\" id=\"link-block_4ea50594e71e7c35dce2cb27b798f609\">\n  \n  \n  \n    <div class=\"c-post-grid o-layout o-layout--stretch\">\n\n    \n      <div class=\"c-post-grid__entry o-layout__item u-1\/1 u-1\/3@tablet\">\n\n        \n  <a href=\"https:\/\/www.dutchnews.nl\/2023\/09\/home-is-also-where-you-find-the-space-to-be-who-you-want-to-be\/\" target=\"\" class=\"o-block u-link u-link--block\">\n\n  <div class=\"o-block__img o-ratio o-ratio--4:3 o-media o-media--cover\">\n    <img decoding=\"async\" \n      data-      src=\"https:\/\/justiceandpeace.nl\/wp-content\/uploads\/2023\/10\/Invitation-55-years-JP-1.png\" class=\"u-link--block__image o-ratio__content o-media__img\"\n    >\n  <\/div>\n\n  <div class=\"o-block__body\">\n    <h4 class=\"o-block__title\">Interview of Christina Triantafyllidi, Communications &#038; Fundraising Coordinator at Justice &#038; Peace, for Dutch News.<\/h4>\n    <p>An Interview about welcoming societies: &#8216;Home is also where you find the space to be who you want to be.&#8217;\r\n<\/p>  <\/div>\n\n  <div>\n          <button href=\"https:\/\/www.dutchnews.nl\/2023\/09\/home-is-also-where-you-find-the-space-to-be-who-you-want-to-be\/\" target=\"\" class=\"o-block__button\">Read more<\/button>\n      <\/div>\n<\/a>\n      <\/div>\n\n    \n      <div class=\"c-post-grid__entry o-layout__item u-1\/1 u-1\/3@tablet\">\n\n        \n  <a href=\"https:\/\/www.thehagueonline.com\/blogs\/2022\/03\/16\/students-in-the-hague-and-leiden-start-a-community-together-with-students-with-a-refugee-background\" target=\"\" class=\"o-block u-link u-link--block\">\n\n  <div class=\"o-block__img o-ratio o-ratio--4:3 o-media o-media--cover\">\n    <img decoding=\"async\" \n      data-      src=\"https:\/\/justiceandpeace.nl\/wp-content\/uploads\/2022\/03\/Samen-Hier-Student-Community-kick-off.png\" class=\"u-link--block__image o-ratio__content o-media__img\"\n    >\n  <\/div>\n\n  <div class=\"o-block__body\">\n    <h4 class=\"o-block__title\">Students in The Hague and Leiden start a community together with students with a refugee background<\/h4>\n    <p>Recently, the second edition of the Samen Hier Student Community launched. For over forty participating (international) students and students with a refugee background from Leiden University, International Institute of Social Studies and The Hague University of Applied Sciences, the start of their new semester also means the beginning of a new community.<\/p>  <\/div>\n\n  <div>\n          <button href=\"https:\/\/www.thehagueonline.com\/blogs\/2022\/03\/16\/students-in-the-hague-and-leiden-start-a-community-together-with-students-with-a-refugee-background\" target=\"\" class=\"o-block__button\">Read more<\/button>\n      <\/div>\n<\/a>\n      <\/div>\n\n    \n      <div class=\"c-post-grid__entry o-layout__item u-1\/1 u-1\/3@tablet\">\n\n        \n  <a href=\"https:\/\/www.globalcitizen.org\/en\/content\/what-is-a-shelter-city\/?utm_campaign=later-linkinbio-justiceandpeacenl&#038;utm_content=later-34699912&#038;utm_medium=social&#038;utm_source=linkin.bio\" target=\"\" class=\"o-block u-link u-link--block\">\n\n  <div class=\"o-block__img o-ratio o-ratio--4:3 o-media o-media--cover\">\n    <img decoding=\"async\" \n      data-      src=\"https:\/\/justiceandpeace.nl\/wp-content\/uploads\/2023\/08\/1-1.png\" class=\"u-link--block__image o-ratio__content o-media__img\"\n    >\n  <\/div>\n\n  <div class=\"o-block__body\">\n    <h4 class=\"o-block__title\">Shelter Cities: What Are They and How Do They Support Human Rights Defenders?<\/h4>\n    <p>An examination of the impact of Shelter City: An article  by Global Citizen. &#8216;Shelter cities provide the time, space, and resources for human rights defenders at risk.&#8217;<\/p>  <\/div>\n\n  <div>\n          <button href=\"https:\/\/www.globalcitizen.org\/en\/content\/what-is-a-shelter-city\/?utm_campaign=later-linkinbio-justiceandpeacenl&#038;utm_content=later-34699912&#038;utm_medium=social&#038;utm_source=linkin.bio\" target=\"\" class=\"o-block__button\">Read the article<\/button>\n      <\/div>\n<\/a>\n      <\/div>\n\n    \n    <\/div>\n\n  \n<\/section>\n\n\n\n<section class=\"o-wrapper u-padding-top content alignwide alignfull\" id=\"content-block_12198773e9094de122a2247d03af5f9c\">\n  <div class=\"o-layout\">\n    <div class=\"o-layout__item o-content u-1\/1 u-2\/3@tablet\">\n\n      <div >\n        \n        <h2 class=\"column-title\">A selection of other articles in the media<\/h2>\n<h3>2023<\/h3>\n<ul>\n<li><a href=\"https:\/\/www.dutchnews.nl\/2023\/09\/home-is-also-where-you-find-the-space-to-be-who-you-want-to-be\/\" target=\"_blank\" rel=\"noopener\">&#8216;Home is also where you find the space to be who you want to be&#8217; Interview with Justice &amp; Peace Communications and Fundraising Coordinator, Christina Triantafyllidi &#8211; Dutch News<\/a><\/li>\n<li><a href=\"https:\/\/www.globalcitizen.org\/en\/content\/what-is-a-shelter-city\/?utm_campaign=later-linkinbio-justiceandpeacenl&amp;utm_content=later-34699912&amp;utm_medium=social&amp;utm_source=linkin.bio\" target=\"_blank\" rel=\"noopener\">&#8216;Shelter Cities: What Are They and How Do They Support Human Rights Defenders?&#8217; &#8211; Global Citizen\u00a0<\/a><\/li>\n<\/ul>\n<h3>2022<\/h3>\n<ul>\n<li><a href=\"https:\/\/www.thehagueonline.com\/event\/large-open-air-photo-exhibition-in-the-centre-of-the-hague-to-celebrate-10-years-of-shelter-city\" target=\"_blank\" rel=\"noopener\">&#8216;Large Open-air photo exhibition in celebration of the 10 years of Shelter City&#8217; &#8211; The Hague Online<\/a><\/li>\n<li><a href=\"https:\/\/eindhovennews.com\/news\/2022\/06\/the-first-shelter-city-guest-in-eindhoven\/\" target=\"_blank\" rel=\"noopener\">&#8216;The first Shelter City guest in Eindhoven&#8217; &#8211; Eindhoven News<\/a><\/li>\n<\/ul>\n<h3>2021<\/h3>\n<ul>\n<li><a href=\"https:\/\/voragine.co\/del-norte-del-cauca-a-holanda-las-luchas-del-lider-victor-moreno\/\" target=\"_blank\" rel=\"noopener\">&#8216;Del Norte del Cauca a Holanda: las luchas del l\u00edder V\u00edctor Moreno&#8217; &#8211; Vor\u00e1gine (Article in Spanish)<\/a><\/li>\n<\/ul>\n<p>(Alternative in EN)\u00a0<a href=\"https:\/\/www.peacebrigades.nl\/nieuws\/from-the-north-of-cauca-in-colombia-to-the-netherlands-the-struggles-of-social-leader-victor-moreno\/\" target=\"_blank\" rel=\"noopener\">&#8216;From the North of Cauca in Colombia to the Netherlands: The struggles of social leader Victor Moreno&#8217; &#8211; PBI The Netherlands<\/a><\/p>\n<h3>2020<\/h3>\n<ul>\n<li><a href=\"https:\/\/www.rsm.nl\/positive-change\/hummingbird\/alumni-stories\/samenhier\/\" target=\"_blank\" rel=\"noopener\">&#8216;Supporting refugees through community involvement&#8217; &#8211; RSM Erasmus University Rotterdam<\/a><\/li>\n<li><a href=\"https:\/\/news.co.cr\/costa-rica-will-temporary-protection-center-human-right-advocates\/70393\/\" target=\"_blank\" rel=\"noopener\">&#8216;Costa Rica will have temporary protection center for human rights advocates&#8217; &#8211; The Costa Rica Star<\/a><\/li>\n<\/ul>\n<h3>2018<\/h3>\n<ul>\n<li><a href=\"https:\/\/innovationorigins.com\/foundation-we-are-ddw-hidden-gem-1\/\" target=\"_blank\" rel=\"noopener\">&#8216;We are Human Rights (Foundation We Are)&#8217; &#8211; Innovation Origins<\/a><\/li>\n<\/ul>\n<h3>2017<\/h3>\n<ul>\n<li><a href=\"https:\/\/consentido.nl\/honduras-camino-a-nuevas-elecciones-generales-en-un-ambiente-crispacion-y-violencia\/\" target=\"_blank\" rel=\"noopener\">&#8216;Honduras camino a nuevas elecciones generales en un ambiente de crispaci\u00f3n y violencia&#8217; &#8211; ConSentido (Article in Spanish)<\/a><\/li>\n<li><a href=\"https:\/\/humanrightsdefenders.blog\/2017\/06\/08\/justice-and-peace-nl-increasingly-active-for-human-rights-defenders\/\" target=\"_blank\" rel=\"noopener\">&#8216;Justice &amp; Peace NL increasingly active for human rights defenders&#8217; &#8211; Human Rights Defenders Blog<\/a><\/li>\n<li><a href=\"http:\/\/www.eluniversal.com.mx\/cultura\/artes-visuales\/artistas-recuerdan-en-la-haya-victimas-de-desapariciones\" target=\"_blank\" rel=\"noopener\">&#8216;Artistas recuerdan en La Haya a v\u00edctimas de desapariciones&#8217; &#8211; El Universal (Article in Spanish) <\/a><\/li>\n<\/ul>\n<h3>2016<\/h3>\n<ul>\n<li><a href=\"https:\/\/www.radioradicale.it\/scheda\/494973\/fainotizia-diritti-umani-dallhonduras-a-laja-la-puntata-settimanale\" target=\"_blank\" rel=\"noopener\">&#8216;Diritti umani, dall\u2019Honduras a L\u2019Aja&#8217; &#8211; FaiNotizia &#8211; Radio Radicale (Podcast in Italian)<\/a><\/li>\n<li><a href=\"https:\/\/www.radioradicale.it\/scheda\/494105\/fainotizia-attivisti-per-i-diritti-umani-lesempio-irlandese-la-puntata-settimanale\" target=\"_blank\" rel=\"noopener\">&#8216;Attivisti per i diritti umani, l&#8217;esempio irlandese&#8217; &#8211; FaiNotizia &#8211; Radio Radicale (Podcast in Italian)<\/a><\/li>\n<li><a href=\"https:\/\/www.radioradicale.it\/scheda\/489494\/fainotizia-citta-rifugio-un-progetto-per-i-difensori-dei-diritti-umani-la-puntata\" target=\"_blank\" rel=\"noopener\">&#8216;Citt\u00e0 rifugio, un progetto per i difensori dei diritti umani&#8217; &#8211; FaiNotizia &#8211; Radio Radicale (Podcast in Italian)<\/a><\/li>\n<li><a href=\"https:\/\/youtu.be\/lkyIDuB2gLg\" target=\"_blank\" rel=\"noopener\">&#8216;Shelter Cities &#8211; L&#8217;intervista al direttore di Justice &amp; Peace&#8217; &#8211; FaiNotizia &#8211; Radio Radicale (Podcast in Italian)<\/a><\/li>\n<li><a href=\"https:\/\/youtu.be\/xcyNShK7Hbo\" target=\"_blank\" rel=\"noopener\">&#8216;Citt\u00e0 rifugio &#8211; Shelter cities olandesi, la storia di Tomy&#8217; &#8211; FaiNotizia &#8211; Radio Radicale (Interview in Italian)<\/a><\/li>\n<li><a href=\"https:\/\/youtu.be\/6mP8Ya9pFtY\" target=\"_blank\" rel=\"noopener\">&#8216;THTC &#8211; Zainab, avvocata pakistana contro la pena di morte&#8217; &#8211; FaiNotizia &#8211; Radio Radicale (Interview in Italian)<\/a><\/li>\n<li><a href=\"https:\/\/youtu.be\/E11m5eayr0U\" target=\"_blank\" rel=\"noopener\">&#8216;THTC &#8211; Mac Donald, un prete del Malawi per i diritti Lgbti&#8217; &#8211; FaiNotizia &#8211; Radio Radicale (Interview in Italian)<\/a><\/li>\n<\/ul>\n<p><em>More articles in Dutch can be found on <a href=\"https:\/\/www.justiceandpeace.nl\/nl\/in-de-media\/?noredirect=nl_NL\">our Dutch website<\/a>.<\/em><\/p>\n\n        \n      <\/div>\n    <\/div>\n  <\/div>\n<\/section>\n","protected":false},"excerpt":{"rendered":"","protected":false},"author":3,"featured_media":0,"parent":0,"menu_order":0,"comment_status":"closed","ping_status":"closed","template":"","meta":{"_acf_changed":false,"footnotes":""},"class_list":["post-3249","page","type-page","status-publish","hentry"],"acf":[],"yoast_head":"<!-- This site is optimized with the Yoast SEO plugin v27.4 - https:\/\/yoast.com\/product\/yoast-seo-wordpress\/ -->\n<title>In the media - Justice &amp; Peace Netherlands<\/title>\n<meta name=\"description\" content=\"Justice &amp; Peace is being featured in the news. Find out articles, stories, podcasts, and more discussing the work and impact of Justice &amp; Peace.\" \/>\n<meta name=\"robots\" content=\"index, follow, max-snippet:-1, max-image-preview:large, max-video-preview:-1\" \/>\n<link rel=\"canonical\" href=\"https:\/\/justiceandpeace.nl\/en\/in-the-media\/\" \/>\n<meta property=\"og:locale\" content=\"en_US\" \/>\n<meta property=\"og:type\" content=\"article\" \/>\n<meta property=\"og:title\" content=\"Justice &amp; Peace in the media\" \/>\n<meta property=\"og:description\" content=\"Justice &amp; Peace is being featured in the news. Find out articles, stories, podcasts, and more discussing the work and impact of Justice &amp; Peace.\" \/>\n<meta property=\"og:url\" content=\"https:\/\/justiceandpeace.nl\/en\/in-the-media\/\" \/>\n<meta property=\"og:site_name\" content=\"Justice &amp; Peace Netherlands\" \/>\n<meta property=\"article:publisher\" content=\"https:\/\/www.facebook.com\/JusticeandPeaceNL\/\" \/>\n<meta property=\"article:modified_time\" content=\"2023-10-30T17:11:27+00:00\" \/>\n<meta property=\"og:image\" content=\"https:\/\/justiceandpeace.nl\/wp-content\/uploads\/2023\/08\/1-1440x810.png\" \/>\n\t<meta property=\"og:image:width\" content=\"1440\" \/>\n\t<meta property=\"og:image:height\" content=\"810\" \/>\n\t<meta property=\"og:image:type\" content=\"image\/png\" \/>\n<meta name=\"twitter:card\" content=\"summary_large_image\" \/>\n<meta name=\"twitter:title\" content=\"Justice &amp; Peace in the media\" \/>\n<meta name=\"twitter:description\" content=\"Justice &amp; Peace is being featured in the news. Find out articles, stories, podcasts, and more discussing the work and impact of Justice &amp; Peace.\" \/>\n<meta name=\"twitter:image\" content=\"https:\/\/justiceandpeace.nl\/wp-content\/uploads\/2023\/08\/1.png\" \/>\n<script type=\"application\/ld+json\" class=\"yoast-schema-graph\">{\"@context\":\"https:\\\/\\\/schema.org\",\"@graph\":[{\"@type\":\"WebPage\",\"@id\":\"https:\\\/\\\/justiceandpeace.nl\\\/en\\\/in-the-media\\\/\",\"url\":\"https:\\\/\\\/justiceandpeace.nl\\\/en\\\/in-the-media\\\/\",\"name\":\"In the media - Justice &amp; Peace Netherlands\",\"isPartOf\":{\"@id\":\"https:\\\/\\\/justiceandpeace.nl\\\/en\\\/#website\"},\"datePublished\":\"2020-02-19T13:21:25+00:00\",\"dateModified\":\"2023-10-30T17:11:27+00:00\",\"description\":\"Justice & Peace is being featured in the news. Find out articles, stories, podcasts, and more discussing the work and impact of Justice & Peace.\",\"breadcrumb\":{\"@id\":\"https:\\\/\\\/justiceandpeace.nl\\\/en\\\/in-the-media\\\/#breadcrumb\"},\"inLanguage\":\"en-US\",\"potentialAction\":[{\"@type\":\"ReadAction\",\"target\":[\"https:\\\/\\\/justiceandpeace.nl\\\/en\\\/in-the-media\\\/\"]}]},{\"@type\":\"BreadcrumbList\",\"@id\":\"https:\\\/\\\/justiceandpeace.nl\\\/en\\\/in-the-media\\\/#breadcrumb\",\"itemListElement\":[{\"@type\":\"ListItem\",\"position\":1,\"name\":\"Home\",\"item\":\"https:\\\/\\\/justiceandpeace.nl\\\/en\\\/\"},{\"@type\":\"ListItem\",\"position\":2,\"name\":\"In the media\"}]},{\"@type\":\"WebSite\",\"@id\":\"https:\\\/\\\/justiceandpeace.nl\\\/en\\\/#website\",\"url\":\"https:\\\/\\\/justiceandpeace.nl\\\/en\\\/\",\"name\":\"Justice &amp; Peace Netherlands\",\"description\":\"For more then 50 years Justice &amp; Peace Netherlands has been committed to a just and sustainable world.\",\"potentialAction\":[{\"@type\":\"SearchAction\",\"target\":{\"@type\":\"EntryPoint\",\"urlTemplate\":\"https:\\\/\\\/justiceandpeace.nl\\\/en\\\/?s={search_term_string}\"},\"query-input\":{\"@type\":\"PropertyValueSpecification\",\"valueRequired\":true,\"valueName\":\"search_term_string\"}}],\"inLanguage\":\"en-US\"}]}<\/script>\n<!-- \/ Yoast SEO plugin. -->","yoast_head_json":{"title":"In the media - Justice &amp; Peace Netherlands","description":"Justice & Peace is being featured in the news. Find out articles, stories, podcasts, and more discussing the work and impact of Justice & Peace.","robots":{"index":"index","follow":"follow","max-snippet":"max-snippet:-1","max-image-preview":"max-image-preview:large","max-video-preview":"max-video-preview:-1"},"canonical":"https:\/\/justiceandpeace.nl\/en\/in-the-media\/","og_locale":"en_US","og_type":"article","og_title":"Justice & Peace in the media","og_description":"Justice & Peace is being featured in the news. Find out articles, stories, podcasts, and more discussing the work and impact of Justice & Peace.","og_url":"https:\/\/justiceandpeace.nl\/en\/in-the-media\/","og_site_name":"Justice &amp; Peace Netherlands","article_publisher":"https:\/\/www.facebook.com\/JusticeandPeaceNL\/","article_modified_time":"2023-10-30T17:11:27+00:00","og_image":[{"width":1440,"height":810,"url":"https:\/\/justiceandpeace.nl\/wp-content\/uploads\/2023\/08\/1-1440x810.png","type":"image\/png"}],"twitter_card":"summary_large_image","twitter_title":"Justice & Peace in the media","twitter_description":"Justice & Peace is being featured in the news. Find out articles, stories, podcasts, and more discussing the work and impact of Justice & Peace.","twitter_image":"https:\/\/justiceandpeace.nl\/wp-content\/uploads\/2023\/08\/1.png","schema":{"@context":"https:\/\/schema.org","@graph":[{"@type":"WebPage","@id":"https:\/\/justiceandpeace.nl\/en\/in-the-media\/","url":"https:\/\/justiceandpeace.nl\/en\/in-the-media\/","name":"In the media - Justice &amp; Peace Netherlands","isPartOf":{"@id":"https:\/\/justiceandpeace.nl\/en\/#website"},"datePublished":"2020-02-19T13:21:25+00:00","dateModified":"2023-10-30T17:11:27+00:00","description":"Justice & Peace is being featured in the news. Find out articles, stories, podcasts, and more discussing the work and impact of Justice & Peace.","breadcrumb":{"@id":"https:\/\/justiceandpeace.nl\/en\/in-the-media\/#breadcrumb"},"inLanguage":"en-US","potentialAction":[{"@type":"ReadAction","target":["https:\/\/justiceandpeace.nl\/en\/in-the-media\/"]}]},{"@type":"BreadcrumbList","@id":"https:\/\/justiceandpeace.nl\/en\/in-the-media\/#breadcrumb","itemListElement":[{"@type":"ListItem","position":1,"name":"Home","item":"https:\/\/justiceandpeace.nl\/en\/"},{"@type":"ListItem","position":2,"name":"In the media"}]},{"@type":"WebSite","@id":"https:\/\/justiceandpeace.nl\/en\/#website","url":"https:\/\/justiceandpeace.nl\/en\/","name":"Justice &amp; Peace Netherlands","description":"For more then 50 years Justice &amp; Peace Netherlands has been committed to a just and sustainable world.","potentialAction":[{"@type":"SearchAction","target":{"@type":"EntryPoint","urlTemplate":"https:\/\/justiceandpeace.nl\/en\/?s={search_term_string}"},"query-input":{"@type":"PropertyValueSpecification","valueRequired":true,"valueName":"search_term_string"}}],"inLanguage":"en-US"}]}},"_links":{"self":[{"href":"https:\/\/justiceandpeace.nl\/en\/wp-json\/wp\/v2\/pages\/3249","targetHints":{"allow":["GET"]}}],"collection":[{"href":"https:\/\/justiceandpeace.nl\/en\/wp-json\/wp\/v2\/pages"}],"about":[{"href":"https:\/\/justiceandpeace.nl\/en\/wp-json\/wp\/v2\/types\/page"}],"author":[{"embeddable":true,"href":"https:\/\/justiceandpeace.nl\/en\/wp-json\/wp\/v2\/users\/3"}],"replies":[{"embeddable":true,"href":"https:\/\/justiceandpeace.nl\/en\/wp-json\/wp\/v2\/comments?post=3249"}],"version-history":[{"count":55,"href":"https:\/\/justiceandpeace.nl\/en\/wp-json\/wp\/v2\/pages\/3249\/revisions"}],"predecessor-version":[{"id":22075,"href":"https:\/\/justiceandpeace.nl\/en\/wp-json\/wp\/v2\/pages\/3249\/revisions\/22075"}],"wp:attachment":[{"href":"https:\/\/justiceandpeace.nl\/en\/wp-json\/wp\/v2\/media?parent=3249"}],"curies":[{"name":"wp","href":"https:\/\/api.w.org\/{rel}","templated":true}]}}